{"id":10,"date":"2022-02-03T05:57:24","date_gmt":"2022-02-03T05:57:24","guid":{"rendered":"https:\/\/kcbv.com\/de\/?page_id=10"},"modified":"2022-02-05T18:10:35","modified_gmt":"2022-02-05T18:10:35","slug":"10-2","status":"publish","type":"page","link":"https:\/\/kcbv.com\/de\/","title":{"rendered":"Home"},"content":{"rendered":"\t\t<div data-elementor-type=\"wp-page\" data-elementor-id=\"10\" class=\"elementor elementor-10\">\n\t\t\t\t\t\t<section class=\"elementor-section elementor-top-section elementor-element elementor-element-046fb00 elementor-section-full_width elementor-section-stretched elementor-section-height-default elementor-section-height-default\" data-id=\"046fb00\" data-element_type=\"section\" data-e-type=\"section\" data-settings=\"{&quot;stretch_section&quot;:&quot;section-stretched&quot;}\">\n\t\t\t\t\t\t<div class=\"elementor-container elementor-column-gap-no\">\n\t\t\t\t\t<div class=\"elementor-column elementor-col-100 elementor-top-column elementor-element elementor-element-19cadf9\" data-id=\"19cadf9\" data-element_type=\"column\" data-e-type=\"column\">\n\t\t\t<div class=\"elementor-widget-wrap elementor-element-populated\">\n\t\t\t\t\t\t<div class=\"elementor-element elementor-element-de681e0 elementor-widget elementor-widget-image\" data-id=\"de681e0\" data-element_type=\"widget\" data-e-type=\"widget\" data-widget_type=\"image.default\">\n\t\t\t\t<div class=\"elementor-widget-container\">\n\t\t\t\t\t\t\t\t\t\t\t\t\t\t\t<img decoding=\"async\" src=\"https:\/\/kcbv.com\/de\/wp-content\/uploads\/sites\/3\/2022\/02\/Homepage-1-1-scaled.jpg\" title=\"Homepage (1)\" alt=\"Homepage (1)\" loading=\"lazy\" \/>\t\t\t\t\t\t\t\t\t\t\t\t\t\t\t<\/div>\n\t\t\t\t<\/div>\n\t\t\t\t\t<\/div>\n\t\t<\/div>\n\t\t\t\t\t<\/div>\n\t\t<\/section>\n\t\t\t\t<section class=\"elementor-section elementor-top-section elementor-element elementor-element-6691237 elementor-section-boxed elementor-section-height-default elementor-section-height-default\" data-id=\"6691237\" data-element_type=\"section\" data-e-type=\"section\">\n\t\t\t\t\t\t<div class=\"elementor-container elementor-column-gap-default\">\n\t\t\t\t\t<div class=\"elementor-column elementor-col-33 elementor-top-column elementor-element elementor-element-4365f35\" data-id=\"4365f35\" data-element_type=\"column\" data-e-type=\"column\">\n\t\t\t<div class=\"elementor-widget-wrap elementor-element-populated\">\n\t\t\t\t\t\t<div class=\"elementor-element elementor-element-aadf23d elementor-widget elementor-widget-text-editor\" data-id=\"aadf23d\" data-element_type=\"widget\" data-e-type=\"widget\" data-widget_type=\"text-editor.default\">\n\t\t\t\t<div class=\"elementor-widget-container\">\n\t\t\t\t\t\t\t\t\t<h3>Prozesssicherheitsmanagement<\/h3><p>Wir unterst\u00fctzen Sie bei der Entwicklung eines Prozesssicherheitsmanagementsystems, dass Ihren Bed\u00fcrfnissen entspricht. Im Allgemeinen soll mit Hilfe einses PSMs die Freisetzung von Gefahrstoffen verhindert werden. Das geschieht durch die Einf\u00fchrung einer integrierten Reihe von Elementen, einschlie\u00dflich Management-Engagement, Kenntnisse der Technologie und der Risiken, operative exzellente Ausf\u00fchrung und Lernen von Erfahrungen (z.B. Unfalluntersuchung, Audits).\n<\/p>\t\t\t\t\t\t\t\t<\/div>\n\t\t\t\t<\/div>\n\t\t\t\t\t<\/div>\n\t\t<\/div>\n\t\t\t\t<div class=\"elementor-column elementor-col-33 elementor-top-column elementor-element elementor-element-ba59e53\" data-id=\"ba59e53\" data-element_type=\"column\" data-e-type=\"column\">\n\t\t\t<div class=\"elementor-widget-wrap elementor-element-populated\">\n\t\t\t\t\t\t<div class=\"elementor-element elementor-element-0723445 elementor-widget elementor-widget-text-editor\" data-id=\"0723445\" data-element_type=\"widget\" data-e-type=\"widget\" data-widget_type=\"text-editor.default\">\n\t\t\t\t<div class=\"elementor-widget-container\">\n\t\t\t\t\t\t\t\t\t<h3>Unfalluntersuchung<\/h3>\nUnf\u00e4lle werden untersucht, um Wiederholung zu verhindern und organisatorisches Lernen zu erm\u00f6glichen. Die Tripod Beta Methode ist speziell entwickelt worden, um diese Ziele zu erreichen, und sie ist in vielen Branchen und Dienstleistungen weit verbreitet. Krypton Consulting ist ein akkreditierter Tripod-Beta-Dienstleister und kann in der Regel innerhalb von 24 Stunden vor Ort sein, selber oder eventuell mit Hilfe von Kollegen der weltweit funktionierenden Incident Investigation Flying Squad.\n\t\t\t\t\t\t\t\t<\/div>\n\t\t\t\t<\/div>\n\t\t\t\t\t<\/div>\n\t\t<\/div>\n\t\t\t\t<div class=\"elementor-column elementor-col-33 elementor-top-column elementor-element elementor-element-f32df01\" data-id=\"f32df01\" data-element_type=\"column\" data-e-type=\"column\">\n\t\t\t<div class=\"elementor-widget-wrap elementor-element-populated\">\n\t\t\t\t\t\t<div class=\"elementor-element elementor-element-548c2a3 elementor-widget elementor-widget-text-editor\" data-id=\"548c2a3\" data-element_type=\"widget\" data-e-type=\"widget\" data-widget_type=\"text-editor.default\">\n\t\t\t\t<div class=\"elementor-widget-container\">\n\t\t\t\t\t\t\t\t\t<h3>Risikoanalyse<\/h3>\nProzessgefahren und Risiken m\u00fcssen verstanden und bewertet werden, um sie effektiv zu beherrschen. Risikostudien werden normalerweise w\u00e4hrend des Entwurfs einer Anlage gemacht, und wenn es signifikante \u00c4nderungen gibt (Management of Change). Weiter muss regelm\u00e4\u00dfig, wie von den Beh\u00f6rden oder gem\u00e4\u00df der Unternehmenspolitik gefordert wird, die Risikoanalyse aktualisiert werden.\nWir unterst\u00fctzen Sie bei der Vorbereitung und Durchf\u00fchrung von Studien zur Risikobewertung wie HAZOP, What-If, Bow-Tie, LOPA\/SIL und \u00c4hnlichem.\n\t\t\t\t\t\t\t\t<\/div>\n\t\t\t\t<\/div>\n\t\t\t\t\t<\/div>\n\t\t<\/div>\n\t\t\t\t\t<\/div>\n\t\t<\/section>\n\t\t\t\t<section class=\"elementor-section elementor-top-section elementor-element elementor-element-8c18940 elementor-section-boxed elementor-section-height-default elementor-section-height-default\" data-id=\"8c18940\" data-element_type=\"section\" data-e-type=\"section\">\n\t\t\t\t\t\t<div class=\"elementor-container elementor-column-gap-default\">\n\t\t\t\t\t<div class=\"elementor-column elementor-col-33 elementor-top-column elementor-element elementor-element-399eb85\" data-id=\"399eb85\" data-element_type=\"column\" data-e-type=\"column\">\n\t\t\t<div class=\"elementor-widget-wrap elementor-element-populated\">\n\t\t\t\t\t\t<div class=\"elementor-element elementor-element-65bf5ba elementor-widget elementor-widget-text-editor\" data-id=\"65bf5ba\" data-element_type=\"widget\" data-e-type=\"widget\" data-widget_type=\"text-editor.default\">\n\t\t\t\t<div class=\"elementor-widget-container\">\n\t\t\t\t\t\t\t\t\t<h3>Audits<\/h3>\nWir beteiligen uns an Prozessicherheitsaudits die auf Betriebspolitik oder auf internationalen Normen basieren, z.B. die Seveso III Richtlinie (EU), PSM OSHA (US) und Anderen.\n\t\t\t\t\t\t\t\t<\/div>\n\t\t\t\t<\/div>\n\t\t\t\t\t<\/div>\n\t\t<\/div>\n\t\t\t\t<div class=\"elementor-column elementor-col-33 elementor-top-column elementor-element elementor-element-6029be7\" data-id=\"6029be7\" data-element_type=\"column\" data-e-type=\"column\">\n\t\t\t<div class=\"elementor-widget-wrap elementor-element-populated\">\n\t\t\t\t\t\t<div class=\"elementor-element elementor-element-5f800cb elementor-widget elementor-widget-text-editor\" data-id=\"5f800cb\" data-element_type=\"widget\" data-e-type=\"widget\" data-widget_type=\"text-editor.default\">\n\t\t\t\t<div class=\"elementor-widget-container\">\n\t\t\t\t\t\t\t\t\t<h3>Schulung<\/h3>\nUnserTrainingsportfolio besteht aus Schulungen f\u00fcr Tripod-Beta Unfalluntersuchung, Risikoanalyse (z.B. Bow-Tie, HAZOP, LOPA, QRA, HEMP) und Prozessicherheitsmanagement. Spezifische prozesssicherheitsrelevante Schulungen werden auf Wunsch entwickelt.\n\t\t\t\t\t\t\t\t<\/div>\n\t\t\t\t<\/div>\n\t\t\t\t\t<\/div>\n\t\t<\/div>\n\t\t\t\t<div class=\"elementor-column elementor-col-33 elementor-top-column elementor-element elementor-element-892b776\" data-id=\"892b776\" data-element_type=\"column\" data-e-type=\"column\">\n\t\t\t<div class=\"elementor-widget-wrap elementor-element-populated\">\n\t\t\t\t\t\t<div class=\"elementor-element elementor-element-c4cf642 elementor-widget elementor-widget-text-editor\" data-id=\"c4cf642\" data-element_type=\"widget\" data-e-type=\"widget\" data-widget_type=\"text-editor.default\">\n\t\t\t\t<div class=\"elementor-widget-container\">\n\t\t\t\t\t\t\t\t\t<h3>Weitere Beratung<\/h3><p><span style=\"font-weight: 400;\">Viele sicherheitsrelevante Bed\u00fcrfnisse fallen unter keines der oben genannte Punkte. Vielleicht haben Sie ein spezifisches Problem, ben\u00f6tigen Sie eine Zweitmeinung oder einen Sparringpartner.\u00a0<\/span><a href=\"https:\/\/kcbv.com\/de\/contact\/\"><span style=\"font-weight: 400;\">Bitte\u00a0<\/span><span style=\"font-weight: 400;\">kontaktieren<\/span><span style=\"font-weight: 400;\">\u00a0Sie uns.<\/span><\/a><\/p>\t\t\t\t\t\t\t\t<\/div>\n\t\t\t\t<\/div>\n\t\t\t\t\t<\/div>\n\t\t<\/div>\n\t\t\t\t\t<\/div>\n\t\t<\/section>\n\t\t\t\t<\/div>\n\t\t","protected":false},"excerpt":{"rendered":"<p>Prozesssicherheitsmanagement Wir unterst\u00fctzen Sie bei der Entwicklung eines Prozesssicherheitsmanagementsystems, dass Ihren Bed\u00fcrfnissen entspricht. Im Allgemeinen soll mit Hilfe einses PSMs die Freisetzung von Gefahrstoffen verhindert werden. Das geschieht durch die Einf\u00fchrung einer integrierten Reihe von Elementen, einschlie\u00dflich Management-Engagement, Kenntnisse der Technologie und der Risiken, operative exzellente Ausf\u00fchrung und Lernen von Erfahrungen (z.B. Unfalluntersuchung, Audits). Unfalluntersuchung [&hellip;]<\/p>\n","protected":false},"author":1,"featured_media":0,"parent":0,"menu_order":0,"comment_status":"closed","ping_status":"closed","template":"","meta":{"site-sidebar-layout":"no-sidebar","site-content-layout":"page-builder","ast-site-content-layout":"default","site-content-style":"default","site-sidebar-style":"default","ast-global-header-display":"","ast-banner-title-visibility":"","ast-main-header-display":"","ast-hfb-above-header-display":"","ast-hfb-below-header-display":"","ast-hfb-mobile-header-display":"","site-post-title":"disabled","ast-breadcrumbs-content":"","ast-featured-img":"disabled","footer-sml-layout":"","ast-disable-related-posts":"","theme-transparent-header-meta":"","adv-header-id-meta":"","stick-header-meta":"","header-above-stick-meta":"","header-main-stick-meta":"","header-below-stick-meta":"","astra-migrate-meta-layouts":"default","ast-page-background-enabled":"default","ast-page-background-meta":{"desktop":{"background-color":"var(--ast-global-color-4)","background-image":"","background-repeat":"repeat","background-position":"center center","background-size":"auto","background-attachment":"scroll","background-type":"","background-media":"","overlay-type":"","overlay-color":"","overlay-opacity":"","overlay-gradient":""},"tablet":{"background-color":"","background-image":"","background-repeat":"repeat","background-position":"center center","background-size":"auto","background-attachment":"scroll","background-type":"","background-media":"","overlay-type":"","overlay-color":"","overlay-opacity":"","overlay-gradient":""},"mobile":{"background-color":"","background-image":"","background-repeat":"repeat","background-position":"center center","background-size":"auto","background-attachment":"scroll","background-type":"","background-media":"","overlay-type":"","overlay-color":"","overlay-opacity":"","overlay-gradient":""}},"ast-content-background-meta":{"desktop":{"background-color":"var(--ast-global-color-5)","background-image":"","background-repeat":"repeat","background-position":"center center","background-size":"auto","background-attachment":"scroll","background-type":"","background-media":"","overlay-type":"","overlay-color":"","overlay-opacity":"","overlay-gradient":""},"tablet":{"background-color":"var(--ast-global-color-5)","background-image":"","background-repeat":"repeat","background-position":"center center","background-size":"auto","background-attachment":"scroll","background-type":"","background-media":"","overlay-type":"","overlay-color":"","overlay-opacity":"","overlay-gradient":""},"mobile":{"background-color":"var(--ast-global-color-5)","background-image":"","background-repeat":"repeat","background-position":"center center","background-size":"auto","background-attachment":"scroll","background-type":"","background-media":"","overlay-type":"","overlay-color":"","overlay-opacity":"","overlay-gradient":""}},"footnotes":""},"class_list":["post-10","page","type-page","status-publish","hentry"],"yoast_head":"<!-- This site is optimized with the Yoast SEO plugin v27.4 - https:\/\/yoast.com\/product\/yoast-seo-wordpress\/ -->\n<title>Home - Kcbv DE<\/title>\n<meta name=\"robots\" content=\"index, follow, max-snippet:-1, max-image-preview:large, max-video-preview:-1\" \/>\n<link rel=\"canonical\" href=\"https:\/\/kcbv.com\/de\/\" \/>\n<meta property=\"og:locale\" content=\"en_GB\" \/>\n<meta property=\"og:type\" content=\"article\" \/>\n<meta property=\"og:title\" content=\"Home - Kcbv DE\" \/>\n<meta property=\"og:description\" content=\"Prozesssicherheitsmanagement Wir unterst\u00fctzen Sie bei der Entwicklung eines Prozesssicherheitsmanagementsystems, dass Ihren Bed\u00fcrfnissen entspricht. Im Allgemeinen soll mit Hilfe einses PSMs die Freisetzung von Gefahrstoffen verhindert werden. Das geschieht durch die Einf\u00fchrung einer integrierten Reihe von Elementen, einschlie\u00dflich Management-Engagement, Kenntnisse der Technologie und der Risiken, operative exzellente Ausf\u00fchrung und Lernen von Erfahrungen (z.B. Unfalluntersuchung, Audits). Unfalluntersuchung [&hellip;]\" \/>\n<meta property=\"og:url\" content=\"https:\/\/kcbv.com\/de\/\" \/>\n<meta property=\"og:site_name\" content=\"Kcbv DE\" \/>\n<meta property=\"article:modified_time\" content=\"2022-02-05T18:10:35+00:00\" \/>\n<meta property=\"og:image\" content=\"http:\/\/kcbv.com\/de\/wp-content\/uploads\/sites\/3\/2022\/02\/Homepage-1-1-scaled.jpg\" \/>\n<meta name=\"twitter:card\" content=\"summary_large_image\" \/>\n<meta name=\"twitter:label1\" content=\"Estimated reading time\" \/>\n\t<meta name=\"twitter:data1\" content=\"2 minutes\" \/>\n<script type=\"application\/ld+json\" class=\"yoast-schema-graph\">{\"@context\":\"https:\\\/\\\/schema.org\",\"@graph\":[{\"@type\":\"WebPage\",\"@id\":\"https:\\\/\\\/kcbv.com\\\/de\\\/\",\"url\":\"https:\\\/\\\/kcbv.com\\\/de\\\/\",\"name\":\"Home - Kcbv DE\",\"isPartOf\":{\"@id\":\"https:\\\/\\\/kcbv.com\\\/de\\\/#website\"},\"primaryImageOfPage\":{\"@id\":\"https:\\\/\\\/kcbv.com\\\/de\\\/#primaryimage\"},\"image\":{\"@id\":\"https:\\\/\\\/kcbv.com\\\/de\\\/#primaryimage\"},\"thumbnailUrl\":\"http:\\\/\\\/kcbv.com\\\/de\\\/wp-content\\\/uploads\\\/sites\\\/3\\\/2022\\\/02\\\/Homepage-1-1-scaled.jpg\",\"datePublished\":\"2022-02-03T05:57:24+00:00\",\"dateModified\":\"2022-02-05T18:10:35+00:00\",\"breadcrumb\":{\"@id\":\"https:\\\/\\\/kcbv.com\\\/de\\\/#breadcrumb\"},\"inLanguage\":\"en-GB\",\"potentialAction\":[{\"@type\":\"ReadAction\",\"target\":[\"https:\\\/\\\/kcbv.com\\\/de\\\/\"]}]},{\"@type\":\"ImageObject\",\"inLanguage\":\"en-GB\",\"@id\":\"https:\\\/\\\/kcbv.com\\\/de\\\/#primaryimage\",\"url\":\"http:\\\/\\\/kcbv.com\\\/de\\\/wp-content\\\/uploads\\\/sites\\\/3\\\/2022\\\/02\\\/Homepage-1-1-scaled.jpg\",\"contentUrl\":\"http:\\\/\\\/kcbv.com\\\/de\\\/wp-content\\\/uploads\\\/sites\\\/3\\\/2022\\\/02\\\/Homepage-1-1-scaled.jpg\"},{\"@type\":\"BreadcrumbList\",\"@id\":\"https:\\\/\\\/kcbv.com\\\/de\\\/#breadcrumb\",\"itemListElement\":[{\"@type\":\"ListItem\",\"position\":1,\"name\":\"Home\",\"item\":\"https:\\\/\\\/kcbv.com\\\/de\\\/\"},{\"@type\":\"ListItem\",\"position\":2,\"name\":\"Home\"}]},{\"@type\":\"WebSite\",\"@id\":\"https:\\\/\\\/kcbv.com\\\/de\\\/#website\",\"url\":\"https:\\\/\\\/kcbv.com\\\/de\\\/\",\"name\":\"Kcbv DE\",\"description\":\"Kcbv Website\",\"potentialAction\":[{\"@type\":\"SearchAction\",\"target\":{\"@type\":\"EntryPoint\",\"urlTemplate\":\"https:\\\/\\\/kcbv.com\\\/de\\\/?s={search_term_string}\"},\"query-input\":{\"@type\":\"PropertyValueSpecification\",\"valueRequired\":true,\"valueName\":\"search_term_string\"}}],\"inLanguage\":\"en-GB\"}]}<\/script>\n<!-- \/ Yoast SEO plugin. -->","yoast_head_json":{"title":"Home - Kcbv DE","robots":{"index":"index","follow":"follow","max-snippet":"max-snippet:-1","max-image-preview":"max-image-preview:large","max-video-preview":"max-video-preview:-1"},"canonical":"https:\/\/kcbv.com\/de\/","og_locale":"en_GB","og_type":"article","og_title":"Home - Kcbv DE","og_description":"Prozesssicherheitsmanagement Wir unterst\u00fctzen Sie bei der Entwicklung eines Prozesssicherheitsmanagementsystems, dass Ihren Bed\u00fcrfnissen entspricht. Im Allgemeinen soll mit Hilfe einses PSMs die Freisetzung von Gefahrstoffen verhindert werden. Das geschieht durch die Einf\u00fchrung einer integrierten Reihe von Elementen, einschlie\u00dflich Management-Engagement, Kenntnisse der Technologie und der Risiken, operative exzellente Ausf\u00fchrung und Lernen von Erfahrungen (z.B. Unfalluntersuchung, Audits). Unfalluntersuchung [&hellip;]","og_url":"https:\/\/kcbv.com\/de\/","og_site_name":"Kcbv DE","article_modified_time":"2022-02-05T18:10:35+00:00","og_image":[{"url":"http:\/\/kcbv.com\/de\/wp-content\/uploads\/sites\/3\/2022\/02\/Homepage-1-1-scaled.jpg","type":"","width":"","height":""}],"twitter_card":"summary_large_image","twitter_misc":{"Estimated reading time":"2 minutes"},"schema":{"@context":"https:\/\/schema.org","@graph":[{"@type":"WebPage","@id":"https:\/\/kcbv.com\/de\/","url":"https:\/\/kcbv.com\/de\/","name":"Home - Kcbv DE","isPartOf":{"@id":"https:\/\/kcbv.com\/de\/#website"},"primaryImageOfPage":{"@id":"https:\/\/kcbv.com\/de\/#primaryimage"},"image":{"@id":"https:\/\/kcbv.com\/de\/#primaryimage"},"thumbnailUrl":"http:\/\/kcbv.com\/de\/wp-content\/uploads\/sites\/3\/2022\/02\/Homepage-1-1-scaled.jpg","datePublished":"2022-02-03T05:57:24+00:00","dateModified":"2022-02-05T18:10:35+00:00","breadcrumb":{"@id":"https:\/\/kcbv.com\/de\/#breadcrumb"},"inLanguage":"en-GB","potentialAction":[{"@type":"ReadAction","target":["https:\/\/kcbv.com\/de\/"]}]},{"@type":"ImageObject","inLanguage":"en-GB","@id":"https:\/\/kcbv.com\/de\/#primaryimage","url":"http:\/\/kcbv.com\/de\/wp-content\/uploads\/sites\/3\/2022\/02\/Homepage-1-1-scaled.jpg","contentUrl":"http:\/\/kcbv.com\/de\/wp-content\/uploads\/sites\/3\/2022\/02\/Homepage-1-1-scaled.jpg"},{"@type":"BreadcrumbList","@id":"https:\/\/kcbv.com\/de\/#breadcrumb","itemListElement":[{"@type":"ListItem","position":1,"name":"Home","item":"https:\/\/kcbv.com\/de\/"},{"@type":"ListItem","position":2,"name":"Home"}]},{"@type":"WebSite","@id":"https:\/\/kcbv.com\/de\/#website","url":"https:\/\/kcbv.com\/de\/","name":"Kcbv DE","description":"Kcbv Website","potentialAction":[{"@type":"SearchAction","target":{"@type":"EntryPoint","urlTemplate":"https:\/\/kcbv.com\/de\/?s={search_term_string}"},"query-input":{"@type":"PropertyValueSpecification","valueRequired":true,"valueName":"search_term_string"}}],"inLanguage":"en-GB"}]}},"_links":{"self":[{"href":"https:\/\/kcbv.com\/de\/wp-json\/wp\/v2\/pages\/10","targetHints":{"allow":["GET"]}}],"collection":[{"href":"https:\/\/kcbv.com\/de\/wp-json\/wp\/v2\/pages"}],"about":[{"href":"https:\/\/kcbv.com\/de\/wp-json\/wp\/v2\/types\/page"}],"author":[{"embeddable":true,"href":"https:\/\/kcbv.com\/de\/wp-json\/wp\/v2\/users\/1"}],"replies":[{"embeddable":true,"href":"https:\/\/kcbv.com\/de\/wp-json\/wp\/v2\/comments?post=10"}],"version-history":[{"count":37,"href":"https:\/\/kcbv.com\/de\/wp-json\/wp\/v2\/pages\/10\/revisions"}],"predecessor-version":[{"id":336,"href":"https:\/\/kcbv.com\/de\/wp-json\/wp\/v2\/pages\/10\/revisions\/336"}],"wp:attachment":[{"href":"https:\/\/kcbv.com\/de\/wp-json\/wp\/v2\/media?parent=10"}],"curies":[{"name":"wp","href":"https:\/\/api.w.org\/{rel}","templated":true}]}}