{"id":21,"date":"2022-02-03T06:02:12","date_gmt":"2022-02-03T06:02:12","guid":{"rendered":"https:\/\/kcbv.com\/de\/?page_id=21"},"modified":"2022-02-05T18:15:55","modified_gmt":"2022-02-05T18:15:55","slug":"references","status":"publish","type":"page","link":"https:\/\/kcbv.com\/de\/references\/","title":{"rendered":"References"},"content":{"rendered":"\t\t<div data-elementor-type=\"wp-page\" data-elementor-id=\"21\" class=\"elementor elementor-21\">\n\t\t\t\t\t\t<section class=\"elementor-section elementor-top-section elementor-element elementor-element-2f5aed5 elementor-section-full_width elementor-section-stretched elementor-section-height-default elementor-section-height-default\" data-id=\"2f5aed5\" data-element_type=\"section\" data-e-type=\"section\" data-settings=\"{&quot;stretch_section&quot;:&quot;section-stretched&quot;}\">\n\t\t\t\t\t\t<div class=\"elementor-container elementor-column-gap-no\">\n\t\t\t\t\t<div class=\"elementor-column elementor-col-100 elementor-top-column elementor-element elementor-element-d699bf0\" data-id=\"d699bf0\" data-element_type=\"column\" data-e-type=\"column\">\n\t\t\t<div class=\"elementor-widget-wrap elementor-element-populated\">\n\t\t\t\t\t\t<div class=\"elementor-element elementor-element-803d5da elementor-widget elementor-widget-image\" data-id=\"803d5da\" data-element_type=\"widget\" data-e-type=\"widget\" data-widget_type=\"image.default\">\n\t\t\t\t<div class=\"elementor-widget-container\">\n\t\t\t\t\t\t\t\t\t\t\t\t\t\t\t<img fetchpriority=\"high\" decoding=\"async\" width=\"2560\" height=\"947\" src=\"https:\/\/kcbv.com\/de\/wp-content\/uploads\/sites\/3\/2022\/02\/team-1-scaled.jpg\" class=\"attachment-full size-full wp-image-324\" alt=\"\" srcset=\"https:\/\/kcbv.com\/de\/wp-content\/uploads\/sites\/3\/2022\/02\/team-1-scaled.jpg 2560w, https:\/\/kcbv.com\/de\/wp-content\/uploads\/sites\/3\/2022\/02\/team-1-300x111.jpg 300w, https:\/\/kcbv.com\/de\/wp-content\/uploads\/sites\/3\/2022\/02\/team-1-1024x379.jpg 1024w, https:\/\/kcbv.com\/de\/wp-content\/uploads\/sites\/3\/2022\/02\/team-1-768x284.jpg 768w, https:\/\/kcbv.com\/de\/wp-content\/uploads\/sites\/3\/2022\/02\/team-1-1536x568.jpg 1536w, https:\/\/kcbv.com\/de\/wp-content\/uploads\/sites\/3\/2022\/02\/team-1-2048x758.jpg 2048w\" sizes=\"(max-width: 2560px) 100vw, 2560px\" \/>\t\t\t\t\t\t\t\t\t\t\t\t\t\t\t<\/div>\n\t\t\t\t<\/div>\n\t\t\t\t\t<\/div>\n\t\t<\/div>\n\t\t\t\t\t<\/div>\n\t\t<\/section>\n\t\t\t\t<section class=\"elementor-section elementor-top-section elementor-element elementor-element-8b8ee7a elementor-section-boxed elementor-section-height-default elementor-section-height-default\" data-id=\"8b8ee7a\" data-element_type=\"section\" data-e-type=\"section\">\n\t\t\t\t\t\t<div class=\"elementor-container elementor-column-gap-default\">\n\t\t\t\t\t<div class=\"elementor-column elementor-col-50 elementor-top-column elementor-element elementor-element-e0e352d\" data-id=\"e0e352d\" data-element_type=\"column\" data-e-type=\"column\">\n\t\t\t<div class=\"elementor-widget-wrap elementor-element-populated\">\n\t\t\t\t\t\t<div class=\"elementor-element elementor-element-179b375 elementor-widget elementor-widget-text-editor\" data-id=\"179b375\" data-element_type=\"widget\" data-e-type=\"widget\" data-widget_type=\"text-editor.default\">\n\t\t\t\t<div class=\"elementor-widget-container\">\n\t\t\t\t\t\t\t\t\t<h2><span style=\"font-weight: 400;\">Selektion von Kunden<\/span><\/h2><ul><li style=\"font-weight: 400;\" aria-level=\"1\"><span style=\"font-weight: 400;\">AkzoNobel Industrial Chemicals B.V.<\/span><\/li><li style=\"font-weight: 400;\" aria-level=\"1\"><span style=\"font-weight: 400;\">Biodiesel Amsterdam B.V.<\/span><\/li><li style=\"font-weight: 400;\" aria-level=\"1\"><span style=\"font-weight: 400;\">Bluewater Energy Services B.V.<\/span><\/li><li style=\"font-weight: 400;\" aria-level=\"1\"><span style=\"font-weight: 400;\">BMT International B.V.<\/span><\/li><li style=\"font-weight: 400;\" aria-level=\"1\"><span style=\"font-weight: 400;\">Bunde-Etzel Pipelinegesellschaft mbH<\/span><\/li><li style=\"font-weight: 400;\" aria-level=\"1\"><span style=\"font-weight: 400;\">Chevron Phillips Chemical Company LLC (*)<\/span><\/li><li style=\"font-weight: 400;\" aria-level=\"1\"><span style=\"font-weight: 400;\">DCMR Milieudienst Rijnmond<\/span><\/li><li style=\"font-weight: 400;\" aria-level=\"1\"><span style=\"font-weight: 400;\">Delamine B.V.<\/span><\/li><li style=\"font-weight: 400;\" aria-level=\"1\"><span style=\"font-weight: 400;\">Dutch Glycerin Refinery B.V. (*)<\/span><\/li><li style=\"font-weight: 400;\" aria-level=\"1\"><span style=\"font-weight: 400;\">Heineken (*)<\/span><\/li><li style=\"font-weight: 400;\" aria-level=\"1\"><span style=\"font-weight: 400;\">RIVM\/Staatliches Institut f\u00fcr die Volksgesundheit und die Umwelt<\/span><\/li><li style=\"font-weight: 400;\" aria-level=\"1\"><span style=\"font-weight: 400;\">Onderzoeksraad voor Veiligheid\/Niederl\u00e4ndische Rat zur Untersuchung der Sicherheit<\/span><\/li><li style=\"font-weight: 400;\" aria-level=\"1\"><span style=\"font-weight: 400;\">Petrogas E&amp;P<\/span><\/li><li style=\"font-weight: 400;\" aria-level=\"1\"><span style=\"font-weight: 400;\">Provinz Nordholland<\/span><\/li><li style=\"font-weight: 400;\" aria-level=\"1\"><span style=\"font-weight: 400;\">Provinz Zeeland<\/span><\/li><li style=\"font-weight: 400;\" aria-level=\"1\"><span style=\"font-weight: 400;\">SGS Tecnos S.A.<\/span><\/li><li style=\"font-weight: 400;\" aria-level=\"1\"><span style=\"font-weight: 400;\">Shell Global Solutions B.V.<\/span><\/li><li style=\"font-weight: 400;\" aria-level=\"1\"><span style=\"font-weight: 400;\">TAQA Morocco S.A.<\/span><\/li><li style=\"font-weight: 400;\" aria-level=\"1\"><span style=\"font-weight: 400;\">Technip Benelux B.V.<\/span><\/li><\/ul><p><span style=\"font-weight: 400;\">Teijin Aramid B.V.<\/span><span style=\"font-weight: 400;\"><br \/><\/span><span style=\"font-weight: 400;\"><br \/><\/span><span style=\"font-weight: 400;\">(*) \u00dcber andere Parteien<\/span><span style=\"font-weight: 400;\"><br \/><\/span><\/p>\t\t\t\t\t\t\t\t<\/div>\n\t\t\t\t<\/div>\n\t\t\t\t\t<\/div>\n\t\t<\/div>\n\t\t\t\t<div class=\"elementor-column elementor-col-50 elementor-top-column elementor-element elementor-element-b90075a\" data-id=\"b90075a\" data-element_type=\"column\" data-e-type=\"column\">\n\t\t\t<div class=\"elementor-widget-wrap elementor-element-populated\">\n\t\t\t\t\t\t<div class=\"elementor-element elementor-element-15b2ed3 elementor-widget elementor-widget-text-editor\" data-id=\"15b2ed3\" data-element_type=\"widget\" data-e-type=\"widget\" data-widget_type=\"text-editor.default\">\n\t\t\t\t<div class=\"elementor-widget-container\">\n\t\t\t\t\t\t\t\t\t<h2><span style=\"font-weight: 400;\">Selektion von Projekten<\/span><\/h2>\n<strong>Unfalluntersuchungen<\/strong>\n<ul><li style=\"font-weight: 400;\" aria-level=\"1\"><span style=\"font-weight: 400;\">Elektrisierung in einem Kraftwerk (Marokko)<\/span><\/li>\n \t<li style=\"font-weight: 400;\" aria-level=\"1\"><span style=\"font-weight: 400;\">Membranbruch in einer Chloranlage (Niederlande)<\/span><\/li>\n \t<li style=\"font-weight: 400;\" aria-level=\"1\"><span style=\"font-weight: 400;\">Person verletzt durch Anfahrung mit einem Schubmaststapler (Niederlande)<\/span><\/li>\n \t<li style=\"font-weight: 400;\" aria-level=\"1\"><span style=\"font-weight: 400;\">Gasleck in einer Gasturbine (Spanien)<\/span><\/li>\n \t<li style=\"font-weight: 400;\" aria-level=\"1\"><span style=\"font-weight: 400;\">Dampfkesselbrand (Niederlande)<\/span><\/li>\n \t<li style=\"font-weight: 400;\" aria-level=\"1\"><span style=\"font-weight: 400;\">Fallende Objekte in einer offshore Gasbohranlage (Kamerun)<\/span><\/li>\n \t<li style=\"font-weight: 400;\" aria-level=\"1\"><span style=\"font-weight: 400;\">Brand in einer Verpackungsanlage (Schweden)<\/span><\/li>\n \t<li style=\"font-weight: 400;\" aria-level=\"1\"><span style=\"font-weight: 400;\">Gasexplosion bei einem Workover eines \u00d6lbrunnen (Deutschland)<\/span><\/li>\n \t<li style=\"font-weight: 400;\" aria-level=\"1\"><span style=\"font-weight: 400;\">Ethyl\u00e4noxid-Reaktorexplosion (Niederlande)<\/span><\/li>\n \t<li style=\"font-weight: 400;\" aria-level=\"1\"><span style=\"font-weight: 400;\">Kritischer Stromverlust (Niederlande)<\/span><\/li>\n \t<li style=\"font-weight: 400;\" aria-level=\"1\"><span style=\"font-weight: 400;\">Schleppseilbruch w\u00e4hrend FPSO-Transportes (Nordsee)<\/span><\/li>\n \t<li style=\"font-weight: 400;\" aria-level=\"1\"><span style=\"font-weight: 400;\">Schiffkollision (Irische See)<\/span><\/li>\n \t<li style=\"font-weight: 400;\" aria-level=\"1\"><span style=\"font-weight: 400;\">Explosion vom Dampfkondensator in einemm FPSO (Timorsee)<\/span><\/li>\n \t<li style=\"font-weight: 400;\" aria-level=\"1\"><span style=\"font-weight: 400;\">Unfall in der Bauindustrie (B-Turm, Rotterdam): Einst\u00fcrzen eines Betonbodens beim Gie\u00dfen (Niederlande)<\/span><\/li>\n \t<li style=\"font-weight: 400;\" aria-level=\"1\"><span style=\"font-weight: 400;\">Peroxidreaktorexplosion (Belgien)<\/span><\/li>\n \t<li style=\"font-weight: 400;\" aria-level=\"1\"><span style=\"font-weight: 400;\">Bruch einer GRE-Rohrleitung \u2013 Beinahe-Todesfall durch Verbrennung mit hei\u00dfem Wasser (Niederlande)<\/span><\/li>\n \t<li style=\"font-weight: 400;\" aria-level=\"1\"><span style=\"font-weight: 400;\">Brand in einem Feststoff-W\u00e4rmewechsler einer R\u00f6stanlage (Niederlande)<\/span><\/li>\n \t<li style=\"font-weight: 400;\" aria-level=\"1\"><span style=\"font-weight: 400;\">Offshore-Hebeunfall (Nordsee)<\/span><\/li>\n \t<li style=\"font-weight: 400;\" aria-level=\"1\"><span style=\"font-weight: 400;\">Beinahe-Todesfall durch Erstickung (Niederlande)<\/span><\/li>\n<\/ul>\n<span style=\"font-weight: 400;\">Risikoanalysen<\/span>\n<ul>\n \t<li style=\"font-weight: 400;\" aria-level=\"1\"><span style=\"font-weight: 400;\">HAZOP f\u00fcr eine Vakuum-Destillation von Quecksilberabf\u00e4llen (Niederlande)<\/span><\/li>\n \t<li style=\"font-weight: 400;\" aria-level=\"1\"><span style=\"font-weight: 400;\">HAZOP f\u00fcr Anlagen f\u00fcr NH3-K\u00fchlung, CO2-R\u00fcckgewinnung, Dampfversorgung und Druckluft in verschiedenen Brauereien (\u00c4thiopien, Niederlande)<\/span><\/li>\n \t<li style=\"font-weight: 400;\" aria-level=\"1\"><span style=\"font-weight: 400;\">HAZOP-Studie f\u00fcr einen Raffinerie Upgrade (Deutschland)<\/span><\/li>\n \t<li style=\"font-weight: 400;\" aria-level=\"1\"><span style=\"font-weight: 400;\">LOPA\/SIL Analyse f\u00fcr FPSOs (S\u00fcdkorea, Niederlande)<\/span><\/li>\n \t<li style=\"font-weight: 400;\" aria-level=\"1\"><span style=\"font-weight: 400;\">Bewertung von Anforderungen an Gasalarm, Kamera\u00fcberwachung und Notstromversorgung f\u00fcr ein Gastransportleitungssystem (Deutschland)<\/span><\/li>\n \t<li style=\"font-weight: 400;\" aria-level=\"1\"><span style=\"font-weight: 400;\">Bewertung von Gleichwertigkeit von Sicherheitsma\u00dfnahmen f\u00fcr Tankanlagen (Niederlande)<\/span><\/li>\n \t<li style=\"font-weight: 400;\" aria-level=\"1\"><span style=\"font-weight: 400;\">Berechnung von Sicherheitsabstanden des Hei\u00dfgasschlotes (Offshore, Niederlande)<\/span><\/li>\n \t<li style=\"font-weight: 400;\" aria-level=\"1\"><span style=\"font-weight: 400;\">Sicherheitsbericht gem\u00e4\u00df Seveso-II Richtlinie einschlie\u00dflich QRA f\u00fcr eine Wasserstoffperoxid-Anlage (Niederlande)<\/span><\/li>\n \t<li style=\"font-weight: 400;\" aria-level=\"1\"><span style=\"font-weight: 400;\">Studie zum Personalabbau und Kosequenzen f\u00fcr Prozesssicherheit (Niederlande)<\/span><\/li>\n \t<li style=\"font-weight: 400;\" aria-level=\"1\"><span style=\"font-weight: 400;\">Studie zu Entz\u00fcndungsrisiken (Nordsee)<\/span><\/li>\n \t<li style=\"font-weight: 400;\" aria-level=\"1\"><span style=\"font-weight: 400;\">HAZOP und BowTie Studien zu einer LNG-Tankstelle (Niederlande)<\/span><\/li>\n<\/ul>\n<span style=\"font-weight: 400;\">Audits<\/span>\n<ul>\n \t<li style=\"font-weight: 400;\" aria-level=\"1\"><span style=\"font-weight: 400;\">OSHA\/Seveso III Prozesssicherheitaudits (Belgien)<\/span><\/li>\n \t<li style=\"font-weight: 400;\" aria-level=\"1\"><span style=\"font-weight: 400;\">Audits mit Beh\u00f6rden zur Entw\u00fcrf und Wartung Lagertanks f\u00fcr gef\u00e4hrliche Stoffe (Niederlande)<\/span><\/li>\n<\/ul>\n<h2><\/h2>\t\t\t\t\t\t\t\t<\/div>\n\t\t\t\t<\/div>\n\t\t\t\t\t<\/div>\n\t\t<\/div>\n\t\t\t\t\t<\/div>\n\t\t<\/section>\n\t\t\t\t<\/div>\n\t\t","protected":false},"excerpt":{"rendered":"<p>Selektion von Kunden AkzoNobel Industrial Chemicals B.V. Biodiesel Amsterdam B.V. Bluewater Energy Services B.V. BMT International B.V. Bunde-Etzel Pipelinegesellschaft mbH Chevron Phillips Chemical Company LLC (*) DCMR Milieudienst Rijnmond Delamine B.V. Dutch Glycerin Refinery B.V. (*) Heineken (*) RIVM\/Staatliches Institut f\u00fcr die Volksgesundheit und die Umwelt Onderzoeksraad voor Veiligheid\/Niederl\u00e4ndische Rat zur Untersuchung der Sicherheit Petrogas [&hellip;]<\/p>\n","protected":false},"author":1,"featured_media":0,"parent":0,"menu_order":0,"comment_status":"closed","ping_status":"closed","template":"elementor_header_footer","meta":{"site-sidebar-layout":"no-sidebar","site-content-layout":"page-builder","ast-site-content-layout":"default","site-content-style":"default","site-sidebar-style":"default","ast-global-header-display":"","ast-banner-title-visibility":"","ast-main-header-display":"","ast-hfb-above-header-display":"","ast-hfb-below-header-display":"","ast-hfb-mobile-header-display":"","site-post-title":"disabled","ast-breadcrumbs-content":"","ast-featured-img":"disabled","footer-sml-layout":"","ast-disable-related-posts":"","theme-transparent-header-meta":"","adv-header-id-meta":"","stick-header-meta":"","header-above-stick-meta":"","header-main-stick-meta":"","header-below-stick-meta":"","astra-migrate-meta-layouts":"default","ast-page-background-enabled":"default","ast-page-background-meta":{"desktop":{"background-color":"var(--ast-global-color-4)","background-image":"","background-repeat":"repeat","background-position":"center center","background-size":"auto","background-attachment":"scroll","background-type":"","background-media":"","overlay-type":"","overlay-color":"","overlay-opacity":"","overlay-gradient":""},"tablet":{"background-color":"","background-image":"","background-repeat":"repeat","background-position":"center center","background-size":"auto","background-attachment":"scroll","background-type":"","background-media":"","overlay-type":"","overlay-color":"","overlay-opacity":"","overlay-gradient":""},"mobile":{"background-color":"","background-image":"","background-repeat":"repeat","background-position":"center center","background-size":"auto","background-attachment":"scroll","background-type":"","background-media":"","overlay-type":"","overlay-color":"","overlay-opacity":"","overlay-gradient":""}},"ast-content-background-meta":{"desktop":{"background-color":"var(--ast-global-color-5)","background-image":"","background-repeat":"repeat","background-position":"center center","background-size":"auto","background-attachment":"scroll","background-type":"","background-media":"","overlay-type":"","overlay-color":"","overlay-opacity":"","overlay-gradient":""},"tablet":{"background-color":"var(--ast-global-color-5)","background-image":"","background-repeat":"repeat","background-position":"center center","background-size":"auto","background-attachment":"scroll","background-type":"","background-media":"","overlay-type":"","overlay-color":"","overlay-opacity":"","overlay-gradient":""},"mobile":{"background-color":"var(--ast-global-color-5)","background-image":"","background-repeat":"repeat","background-position":"center center","background-size":"auto","background-attachment":"scroll","background-type":"","background-media":"","overlay-type":"","overlay-color":"","overlay-opacity":"","overlay-gradient":""}},"footnotes":""},"class_list":["post-21","page","type-page","status-publish","hentry"],"yoast_head":"<!-- This site is optimized with the Yoast SEO plugin v27.4 - https:\/\/yoast.com\/product\/yoast-seo-wordpress\/ -->\n<title>References - Kcbv DE<\/title>\n<meta name=\"robots\" content=\"index, follow, max-snippet:-1, max-image-preview:large, max-video-preview:-1\" \/>\n<link rel=\"canonical\" href=\"https:\/\/kcbv.com\/de\/references\/\" \/>\n<meta property=\"og:locale\" content=\"en_GB\" \/>\n<meta property=\"og:type\" content=\"article\" \/>\n<meta property=\"og:title\" content=\"References - Kcbv DE\" \/>\n<meta property=\"og:description\" content=\"Selektion von Kunden AkzoNobel Industrial Chemicals B.V. Biodiesel Amsterdam B.V. Bluewater Energy Services B.V. BMT International B.V. Bunde-Etzel Pipelinegesellschaft mbH Chevron Phillips Chemical Company LLC (*) DCMR Milieudienst Rijnmond Delamine B.V. Dutch Glycerin Refinery B.V. (*) Heineken (*) RIVM\/Staatliches Institut f\u00fcr die Volksgesundheit und die Umwelt Onderzoeksraad voor Veiligheid\/Niederl\u00e4ndische Rat zur Untersuchung der Sicherheit Petrogas [&hellip;]\" \/>\n<meta property=\"og:url\" content=\"https:\/\/kcbv.com\/de\/references\/\" \/>\n<meta property=\"og:site_name\" content=\"Kcbv DE\" \/>\n<meta property=\"article:modified_time\" content=\"2022-02-05T18:15:55+00:00\" \/>\n<meta property=\"og:image\" content=\"http:\/\/kcbv.com\/de\/wp-content\/uploads\/sites\/3\/2022\/02\/team-1-scaled.jpg\" \/>\n<meta name=\"twitter:card\" content=\"summary_large_image\" \/>\n<meta name=\"twitter:label1\" content=\"Estimated reading time\" \/>\n\t<meta name=\"twitter:data1\" content=\"2 minutes\" \/>\n<script type=\"application\/ld+json\" class=\"yoast-schema-graph\">{\"@context\":\"https:\\\/\\\/schema.org\",\"@graph\":[{\"@type\":\"WebPage\",\"@id\":\"https:\\\/\\\/kcbv.com\\\/de\\\/references\\\/\",\"url\":\"https:\\\/\\\/kcbv.com\\\/de\\\/references\\\/\",\"name\":\"References - Kcbv DE\",\"isPartOf\":{\"@id\":\"https:\\\/\\\/kcbv.com\\\/de\\\/#website\"},\"primaryImageOfPage\":{\"@id\":\"https:\\\/\\\/kcbv.com\\\/de\\\/references\\\/#primaryimage\"},\"image\":{\"@id\":\"https:\\\/\\\/kcbv.com\\\/de\\\/references\\\/#primaryimage\"},\"thumbnailUrl\":\"http:\\\/\\\/kcbv.com\\\/de\\\/wp-content\\\/uploads\\\/sites\\\/3\\\/2022\\\/02\\\/team-1-scaled.jpg\",\"datePublished\":\"2022-02-03T06:02:12+00:00\",\"dateModified\":\"2022-02-05T18:15:55+00:00\",\"breadcrumb\":{\"@id\":\"https:\\\/\\\/kcbv.com\\\/de\\\/references\\\/#breadcrumb\"},\"inLanguage\":\"en-GB\",\"potentialAction\":[{\"@type\":\"ReadAction\",\"target\":[\"https:\\\/\\\/kcbv.com\\\/de\\\/references\\\/\"]}]},{\"@type\":\"ImageObject\",\"inLanguage\":\"en-GB\",\"@id\":\"https:\\\/\\\/kcbv.com\\\/de\\\/references\\\/#primaryimage\",\"url\":\"http:\\\/\\\/kcbv.com\\\/de\\\/wp-content\\\/uploads\\\/sites\\\/3\\\/2022\\\/02\\\/team-1-scaled.jpg\",\"contentUrl\":\"http:\\\/\\\/kcbv.com\\\/de\\\/wp-content\\\/uploads\\\/sites\\\/3\\\/2022\\\/02\\\/team-1-scaled.jpg\"},{\"@type\":\"BreadcrumbList\",\"@id\":\"https:\\\/\\\/kcbv.com\\\/de\\\/references\\\/#breadcrumb\",\"itemListElement\":[{\"@type\":\"ListItem\",\"position\":1,\"name\":\"Home\",\"item\":\"https:\\\/\\\/kcbv.com\\\/de\\\/\"},{\"@type\":\"ListItem\",\"position\":2,\"name\":\"References\"}]},{\"@type\":\"WebSite\",\"@id\":\"https:\\\/\\\/kcbv.com\\\/de\\\/#website\",\"url\":\"https:\\\/\\\/kcbv.com\\\/de\\\/\",\"name\":\"Kcbv DE\",\"description\":\"Kcbv Website\",\"potentialAction\":[{\"@type\":\"SearchAction\",\"target\":{\"@type\":\"EntryPoint\",\"urlTemplate\":\"https:\\\/\\\/kcbv.com\\\/de\\\/?s={search_term_string}\"},\"query-input\":{\"@type\":\"PropertyValueSpecification\",\"valueRequired\":true,\"valueName\":\"search_term_string\"}}],\"inLanguage\":\"en-GB\"}]}<\/script>\n<!-- \/ Yoast SEO plugin. -->","yoast_head_json":{"title":"References - Kcbv DE","robots":{"index":"index","follow":"follow","max-snippet":"max-snippet:-1","max-image-preview":"max-image-preview:large","max-video-preview":"max-video-preview:-1"},"canonical":"https:\/\/kcbv.com\/de\/references\/","og_locale":"en_GB","og_type":"article","og_title":"References - Kcbv DE","og_description":"Selektion von Kunden AkzoNobel Industrial Chemicals B.V. Biodiesel Amsterdam B.V. Bluewater Energy Services B.V. BMT International B.V. Bunde-Etzel Pipelinegesellschaft mbH Chevron Phillips Chemical Company LLC (*) DCMR Milieudienst Rijnmond Delamine B.V. Dutch Glycerin Refinery B.V. (*) Heineken (*) RIVM\/Staatliches Institut f\u00fcr die Volksgesundheit und die Umwelt Onderzoeksraad voor Veiligheid\/Niederl\u00e4ndische Rat zur Untersuchung der Sicherheit Petrogas [&hellip;]","og_url":"https:\/\/kcbv.com\/de\/references\/","og_site_name":"Kcbv DE","article_modified_time":"2022-02-05T18:15:55+00:00","og_image":[{"url":"http:\/\/kcbv.com\/de\/wp-content\/uploads\/sites\/3\/2022\/02\/team-1-scaled.jpg","type":"","width":"","height":""}],"twitter_card":"summary_large_image","twitter_misc":{"Estimated reading time":"2 minutes"},"schema":{"@context":"https:\/\/schema.org","@graph":[{"@type":"WebPage","@id":"https:\/\/kcbv.com\/de\/references\/","url":"https:\/\/kcbv.com\/de\/references\/","name":"References - Kcbv DE","isPartOf":{"@id":"https:\/\/kcbv.com\/de\/#website"},"primaryImageOfPage":{"@id":"https:\/\/kcbv.com\/de\/references\/#primaryimage"},"image":{"@id":"https:\/\/kcbv.com\/de\/references\/#primaryimage"},"thumbnailUrl":"http:\/\/kcbv.com\/de\/wp-content\/uploads\/sites\/3\/2022\/02\/team-1-scaled.jpg","datePublished":"2022-02-03T06:02:12+00:00","dateModified":"2022-02-05T18:15:55+00:00","breadcrumb":{"@id":"https:\/\/kcbv.com\/de\/references\/#breadcrumb"},"inLanguage":"en-GB","potentialAction":[{"@type":"ReadAction","target":["https:\/\/kcbv.com\/de\/references\/"]}]},{"@type":"ImageObject","inLanguage":"en-GB","@id":"https:\/\/kcbv.com\/de\/references\/#primaryimage","url":"http:\/\/kcbv.com\/de\/wp-content\/uploads\/sites\/3\/2022\/02\/team-1-scaled.jpg","contentUrl":"http:\/\/kcbv.com\/de\/wp-content\/uploads\/sites\/3\/2022\/02\/team-1-scaled.jpg"},{"@type":"BreadcrumbList","@id":"https:\/\/kcbv.com\/de\/references\/#breadcrumb","itemListElement":[{"@type":"ListItem","position":1,"name":"Home","item":"https:\/\/kcbv.com\/de\/"},{"@type":"ListItem","position":2,"name":"References"}]},{"@type":"WebSite","@id":"https:\/\/kcbv.com\/de\/#website","url":"https:\/\/kcbv.com\/de\/","name":"Kcbv DE","description":"Kcbv Website","potentialAction":[{"@type":"SearchAction","target":{"@type":"EntryPoint","urlTemplate":"https:\/\/kcbv.com\/de\/?s={search_term_string}"},"query-input":{"@type":"PropertyValueSpecification","valueRequired":true,"valueName":"search_term_string"}}],"inLanguage":"en-GB"}]}},"_links":{"self":[{"href":"https:\/\/kcbv.com\/de\/wp-json\/wp\/v2\/pages\/21","targetHints":{"allow":["GET"]}}],"collection":[{"href":"https:\/\/kcbv.com\/de\/wp-json\/wp\/v2\/pages"}],"about":[{"href":"https:\/\/kcbv.com\/de\/wp-json\/wp\/v2\/types\/page"}],"author":[{"embeddable":true,"href":"https:\/\/kcbv.com\/de\/wp-json\/wp\/v2\/users\/1"}],"replies":[{"embeddable":true,"href":"https:\/\/kcbv.com\/de\/wp-json\/wp\/v2\/comments?post=21"}],"version-history":[{"count":53,"href":"https:\/\/kcbv.com\/de\/wp-json\/wp\/v2\/pages\/21\/revisions"}],"predecessor-version":[{"id":345,"href":"https:\/\/kcbv.com\/de\/wp-json\/wp\/v2\/pages\/21\/revisions\/345"}],"wp:attachment":[{"href":"https:\/\/kcbv.com\/de\/wp-json\/wp\/v2\/media?parent=21"}],"curies":[{"name":"wp","href":"https:\/\/api.w.org\/{rel}","templated":true}]}}